{"id":2242,"date":"2021-10-25T11:40:43","date_gmt":"2021-10-25T14:40:43","guid":{"rendered":"https:\/\/wp.themedemo.org\/WCM07\/WCM070151\/?page_id=2242"},"modified":"2023-04-26T19:24:37","modified_gmt":"2023-04-26T22:24:37","slug":"sobre-nos","status":"publish","type":"page","link":"https:\/\/bowebdesign.com.br\/pavoniadv\/sobre-nos\/","title":{"rendered":"Sobre n\u00f3s"},"content":{"rendered":"\t\t<div data-elementor-type=\"wp-page\" data-elementor-id=\"2242\" class=\"elementor elementor-2242\">\n\t\t\t\t\t\t<section class=\"elementor-section elementor-top-section elementor-element elementor-element-5a39fd59 elementor-section-stretched elementor-section-boxed elementor-section-height-default elementor-section-height-default\" data-id=\"5a39fd59\" data-element_type=\"section\" data-settings=\"{&quot;stretch_section&quot;:&quot;section-stretched&quot;}\">\n\t\t\t\t\t\t<div class=\"elementor-container elementor-column-gap-default\">\n\t\t\t\t\t<div class=\"elementor-column elementor-col-50 elementor-top-column elementor-element elementor-element-2f8f81a0\" data-id=\"2f8f81a0\" data-element_type=\"column\" data-settings=\"{&quot;background_background&quot;:&quot;classic&quot;}\">\n\t\t\t<div class=\"elementor-widget-wrap elementor-element-populated\">\n\t\t\t\t\t\t<div class=\"elementor-element elementor-element-8c41aa2 elementor-widget elementor-widget-heading\" data-id=\"8c41aa2\" data-element_type=\"widget\" data-widget_type=\"heading.default\">\n\t\t\t\t<div class=\"elementor-widget-container\">\n\t\t\t\t\t<span class=\"elementor-heading-title elementor-size-default\">O escrit\u00f3rio <b>PAVONI e Advogados Associados<\/b>, sediado em Curitiba\/PR, iniciou suas atividades em 2014 e desde ent\u00e3o mant\u00e9m em sua carteira empresas do ramo de energias renov\u00e1veis, atuando de forma ampla na seara C\u00edvel, com especial foco em <b>Regulariza\u00e7\u00e3o Fundi\u00e1ria, Direito Imobili\u00e1rio, Contratual e Infraestrutura<\/b>.<\/span>\t\t\t\t<\/div>\n\t\t\t\t<\/div>\n\t\t\t\t<div class=\"elementor-element elementor-element-43c8d17 elementor-widget elementor-widget-heading\" data-id=\"43c8d17\" data-element_type=\"widget\" data-widget_type=\"heading.default\">\n\t\t\t\t<div class=\"elementor-widget-container\">\n\t\t\t\t\t<span class=\"elementor-heading-title elementor-size-default\">Destaca-se pela consolidada experi\u00eancia na <b>regulariza\u00e7\u00e3o de im\u00f3veis rurais<\/b>, notadamente voltados \u00e0 <b>implanta\u00e7\u00e3o de parques e\u00f3licos, fotovoltaicos e PCH\u2019s<\/b>, no \u00e2mbito consultivo, de gerenciamento e contencioso.<\/span>\t\t\t\t<\/div>\n\t\t\t\t<\/div>\n\t\t\t\t\t<\/div>\n\t\t<\/div>\n\t\t\t\t<div class=\"elementor-column elementor-col-50 elementor-top-column elementor-element elementor-element-46317706 cms-banner\" data-id=\"46317706\" data-element_type=\"column\" data-settings=\"{&quot;background_background&quot;:&quot;classic&quot;}\">\n\t\t\t<div class=\"elementor-widget-wrap elementor-element-populated\">\n\t\t\t\t\t\t<div class=\"elementor-element elementor-element-83e4e7b elementor-widget elementor-widget-image\" data-id=\"83e4e7b\" data-element_type=\"widget\" data-widget_type=\"image.default\">\n\t\t\t\t<div class=\"elementor-widget-container\">\n\t\t\t\t\t\t\t\t\t\t\t\t\t\t\t<img fetchpriority=\"high\" decoding=\"async\" width=\"1500\" height=\"1000\" src=\"https:\/\/bowebdesign.com.br\/pavoniadv\/wp-content\/uploads\/2023\/03\/sobre-pavoni.png\" class=\"attachment-full size-full wp-image-10951\" alt=\"\" srcset=\"https:\/\/bowebdesign.com.br\/pavoniadv\/wp-content\/uploads\/2023\/03\/sobre-pavoni.png 1500w, https:\/\/bowebdesign.com.br\/pavoniadv\/wp-content\/uploads\/2023\/03\/sobre-pavoni-300x200.png 300w, https:\/\/bowebdesign.com.br\/pavoniadv\/wp-content\/uploads\/2023\/03\/sobre-pavoni-1024x683.png 1024w, https:\/\/bowebdesign.com.br\/pavoniadv\/wp-content\/uploads\/2023\/03\/sobre-pavoni-768x512.png 768w\" sizes=\"(max-width: 1500px) 100vw, 1500px\" \/>\t\t\t\t\t\t\t\t\t\t\t\t\t\t\t<\/div>\n\t\t\t\t<\/div>\n\t\t\t\t\t<\/div>\n\t\t<\/div>\n\t\t\t\t\t<\/div>\n\t\t<\/section>\n\t\t\t\t<section class=\"elementor-section elementor-top-section elementor-element elementor-element-bf2c609 elementor-section-full_width elementor-section-height-default elementor-section-height-default\" data-id=\"bf2c609\" data-element_type=\"section\">\n\t\t\t\t\t\t<div class=\"elementor-container elementor-column-gap-default\">\n\t\t\t\t\t<div class=\"elementor-column elementor-col-100 elementor-top-column elementor-element elementor-element-8604999\" data-id=\"8604999\" data-element_type=\"column\">\n\t\t\t<div class=\"elementor-widget-wrap elementor-element-populated\">\n\t\t\t\t\t\t<div class=\"elementor-element elementor-element-34ce1d7 elementor-widget elementor-widget-text-editor\" data-id=\"34ce1d7\" data-element_type=\"widget\" data-widget_type=\"text-editor.default\">\n\t\t\t\t<div class=\"elementor-widget-container\">\n\t\t\t\t\t\t\t\t\t<p>Contando com equipe de profissionais especializados e experientes em regulariza\u00e7\u00e3o fundi\u00e1ria, inclusive mediante atua\u00e7\u00e3o&nbsp;<i>in loco<\/i> nas \u00e1reas de interesse de projetos, destaca-se em seu portf\u00f3lio os seguintes feitos:<\/p>\t\t\t\t\t\t\t\t<\/div>\n\t\t\t\t<\/div>\n\t\t\t\t\t<\/div>\n\t\t<\/div>\n\t\t\t\t\t<\/div>\n\t\t<\/section>\n\t\t\t\t<section class=\"elementor-section elementor-top-section elementor-element elementor-element-1fc3ae1 elementor-section-full_width elementor-section-height-default elementor-section-height-default\" data-id=\"1fc3ae1\" data-element_type=\"section\">\n\t\t\t\t\t\t<div class=\"elementor-container elementor-column-gap-default\">\n\t\t\t\t\t<div class=\"elementor-column elementor-col-50 elementor-top-column elementor-element elementor-element-84a815c\" data-id=\"84a815c\" data-element_type=\"column\">\n\t\t\t<div class=\"elementor-widget-wrap elementor-element-populated\">\n\t\t\t\t\t\t<div class=\"elementor-element elementor-element-5502063 elementor-widget elementor-widget-text-editor\" data-id=\"5502063\" data-element_type=\"widget\" data-widget_type=\"text-editor.default\">\n\t\t\t\t<div class=\"elementor-widget-container\">\n\t\t\t\t\t\t\t\t\t<ul><li><span style=\"font-weight: 400;\">Condu\u00e7\u00e3o jur\u00eddica da <\/span><b>primeira regulariza\u00e7\u00e3o fundi\u00e1ria no Estado da Bahia via<\/b><span style=\"font-weight: 400;\"> \u201c<\/span><b>Corredores de Vento<\/b><span style=\"font-weight: 400;\">\u201d \u2013 IN SDE\/ SDR\/ CDA\/ PGE n\u00ba 01\/2020, formalizada em julho\/2021 com a inaugura\u00e7\u00e3o de matr\u00edcula e assinatura de Termo de Compromisso;<\/span><\/li><\/ul>\t\t\t\t\t\t\t\t<\/div>\n\t\t\t\t<\/div>\n\t\t\t\t<div class=\"elementor-element elementor-element-c29305f elementor-widget elementor-widget-text-editor\" data-id=\"c29305f\" data-element_type=\"widget\" data-widget_type=\"text-editor.default\">\n\t\t\t\t<div class=\"elementor-widget-container\">\n\t\t\t\t\t\t\t\t\t<ul><li><span style=\"font-weight: 400;\">Regulariza\u00e7\u00e3o de im\u00f3veis rurais que remontam \u00e1rea superior a 60.000ha;<\/span><\/li><\/ul>\t\t\t\t\t\t\t\t<\/div>\n\t\t\t\t<\/div>\n\t\t\t\t<div class=\"elementor-element elementor-element-db23ecd elementor-widget elementor-widget-text-editor\" data-id=\"db23ecd\" data-element_type=\"widget\" data-widget_type=\"text-editor.default\">\n\t\t\t\t<div class=\"elementor-widget-container\">\n\t\t\t\t\t\t\t\t\t<ul><li><span style=\"font-weight: 400;\">Viabiliza\u00e7\u00e3o de parques e\u00f3licos com pot\u00eancia superior a 750 MW;<\/span><\/li><\/ul>\t\t\t\t\t\t\t\t<\/div>\n\t\t\t\t<\/div>\n\t\t\t\t<div class=\"elementor-element elementor-element-b687005 elementor-widget elementor-widget-text-editor\" data-id=\"b687005\" data-element_type=\"widget\" data-widget_type=\"text-editor.default\">\n\t\t\t\t<div class=\"elementor-widget-container\">\n\t\t\t\t\t\t\t\t\t<ul><li>Ajuizamento de demandas expropriat\u00f3rias com fundamento em utilidade p\u00fablica para viabiliza\u00e7\u00e3o de PCH\u2019s e Subesta\u00e7\u00f5es;<\/li><\/ul>\t\t\t\t\t\t\t\t<\/div>\n\t\t\t\t<\/div>\n\t\t\t\t\t<\/div>\n\t\t<\/div>\n\t\t\t\t<div class=\"elementor-column elementor-col-50 elementor-top-column elementor-element elementor-element-92acf87\" data-id=\"92acf87\" data-element_type=\"column\">\n\t\t\t<div class=\"elementor-widget-wrap elementor-element-populated\">\n\t\t\t\t\t\t<div class=\"elementor-element elementor-element-6b71280 elementor-widget elementor-widget-text-editor\" data-id=\"6b71280\" data-element_type=\"widget\" data-widget_type=\"text-editor.default\">\n\t\t\t\t<div class=\"elementor-widget-container\">\n\t\t\t\t\t\t\t\t\t<ul>\n<li><span style=\"font-weight: 400;\">Condu\u00e7\u00e3o de negocia\u00e7\u00e3o extrajudicial e ajuizamento de servid\u00f5es administrativas de Linhas de Transmiss\u00f5es com soma de trajetos superior a 225km, nos Estados da Bahia, Piau\u00ed e Paran\u00e1, com atua\u00e7\u00e3o em mais de 125 processos judiciais desta natureza;<\/span><\/li>\n<\/ul>\t\t\t\t\t\t\t\t<\/div>\n\t\t\t\t<\/div>\n\t\t\t\t<div class=\"elementor-element elementor-element-a5b919a elementor-widget elementor-widget-text-editor\" data-id=\"a5b919a\" data-element_type=\"widget\" data-widget_type=\"text-editor.default\">\n\t\t\t\t<div class=\"elementor-widget-container\">\n\t\t\t\t\t\t\t\t\t<ul><li><span style=\"font-weight: 400;\">Gerenciamento de projetos e\u00f3licos e\/ou fotovoltaicos nos estados da Bahia, Para\u00edba, Rio Grande do Norte e Minas Gerais;<\/span><\/li><\/ul>\t\t\t\t\t\t\t\t<\/div>\n\t\t\t\t<\/div>\n\t\t\t\t<div class=\"elementor-element elementor-element-619ff1e elementor-widget elementor-widget-text-editor\" data-id=\"619ff1e\" data-element_type=\"widget\" data-widget_type=\"text-editor.default\">\n\t\t\t\t<div class=\"elementor-widget-container\">\n\t\t\t\t\t\t\t\t\t<ul><li><span style=\"font-weight: 400;\">Realiza\u00e7\u00e3o de <\/span><i><span style=\"font-weight: 400;\">due diligence <\/span><\/i><span style=\"font-weight: 400;\">fundi\u00e1ria voltada a opera\u00e7\u00f5es societ\u00e1rias, como <\/span><i><span style=\"font-weight: 400;\">joint ventures <\/span><\/i><span style=\"font-weight: 400;\">e <\/span><i><span style=\"font-weight: 400;\">M&amp;A;<\/span><\/i><\/li><\/ul>\t\t\t\t\t\t\t\t<\/div>\n\t\t\t\t<\/div>\n\t\t\t\t\t<\/div>\n\t\t<\/div>\n\t\t\t\t\t<\/div>\n\t\t<\/section>\n\t\t\t\t<div class=\"elementor-section elementor-top-section elementor-element elementor-element-6138048b elementor-section-stretched elementor-section-height-min-height elementor-section-boxed elementor-section-height-default elementor-section-items-middle\" data-id=\"6138048b\" data-element_type=\"section\" data-settings=\"{&quot;stretch_section&quot;:&quot;section-stretched&quot;,&quot;background_background&quot;:&quot;classic&quot;}\">\n\t\t\t\t\t\t<div class=\"elementor-container elementor-column-gap-default\">\n\t\t\t\t\t<div class=\"elementor-column elementor-col-100 elementor-top-column elementor-element elementor-element-692ee5ac\" data-id=\"692ee5ac\" data-element_type=\"column\">\n\t\t\t<div class=\"elementor-widget-wrap elementor-element-populated\">\n\t\t\t\t\t\t<section class=\"elementor-section elementor-inner-section elementor-element elementor-element-1093c1b elementor-section-boxed elementor-section-height-default elementor-section-height-default\" data-id=\"1093c1b\" data-element_type=\"section\">\n\t\t\t\t\t\t<div class=\"elementor-container elementor-column-gap-default\">\n\t\t\t\t\t<div class=\"elementor-column elementor-col-100 elementor-inner-column elementor-element elementor-element-19130a4\" data-id=\"19130a4\" data-element_type=\"column\">\n\t\t\t<div class=\"elementor-widget-wrap elementor-element-populated\">\n\t\t\t\t\t\t<div class=\"elementor-element elementor-element-336609f elementor-widget elementor-widget-heading\" data-id=\"336609f\" data-element_type=\"widget\" data-widget_type=\"heading.default\">\n\t\t\t\t<div class=\"elementor-widget-container\">\n\t\t\t\t\t<span class=\"elementor-heading-title elementor-size-default\">\u00c9TICA E COMPROMETIMENTO<\/span>\t\t\t\t<\/div>\n\t\t\t\t<\/div>\n\t\t\t\t<div class=\"elementor-element elementor-element-365d77e elementor-widget elementor-widget-heading\" data-id=\"365d77e\" data-element_type=\"widget\" data-widget_type=\"heading.default\">\n\t\t\t\t<div class=\"elementor-widget-container\">\n\t\t\t\t\t<span class=\"elementor-heading-title elementor-size-default\">O escrit\u00f3rio tem como objetivo principal a satisfa\u00e7\u00e3o dos interesses de seus clientes, obedecendo aos mais elevados padr\u00f5es \u00e9ticos de atua\u00e7\u00e3o. Nosso diferencial \u00e9 o respeito a nossos clientes, associados e a todos os envolvidos nos processos em que atuamos.<\/span>\t\t\t\t<\/div>\n\t\t\t\t<\/div>\n\t\t\t\t\t<\/div>\n\t\t<\/div>\n\t\t\t\t\t<\/div>\n\t\t<\/section>\n\t\t\t\t\t<\/div>\n\t\t<\/div>\n\t\t\t\t\t<\/div>\n\t\t<\/div>\n\t\t\t\t<\/div>\n\t\t","protected":false},"excerpt":{"rendered":"<p>O escrit\u00f3rio PAVONI e Advogados Associados, sediado em Curitiba\/PR, iniciou suas atividades em 2014 e desde ent\u00e3o mant\u00e9m em sua carteira empresas do ramo de energias renov\u00e1veis, atuando de forma ampla na seara C\u00edvel, com especial foco em Regulariza\u00e7\u00e3o Fundi\u00e1ria, Direito Imobili\u00e1rio, Contratual e Infraestrutura. Destaca-se pela consolidada experi\u00eancia na regulariza\u00e7\u00e3o de im\u00f3veis rurais, notadamente&#8230;<\/p>\n","protected":false},"author":1,"featured_media":10983,"parent":0,"menu_order":0,"comment_status":"closed","ping_status":"closed","template":"","meta":{"_acf_changed":false,"_tbt_post_transparent":"","_tbt_post_title":"","_tbt_post_layout":"","_tbt_post_sidebar_id":"","_tbt_post_content_style":"","_tbt_post_vertical_padding":"","_tbt_post_feature":"","_tbt_post_feature_position":"","_tbt_post_header":false,"_tbt_post_footer":false},"class_list":["post-2242","page","type-page","status-publish","has-post-thumbnail","hentry"],"acf":[],"_links":{"self":[{"href":"https:\/\/bowebdesign.com.br\/pavoniadv\/wp-json\/wp\/v2\/pages\/2242","targetHints":{"allow":["GET"]}}],"collection":[{"href":"https:\/\/bowebdesign.com.br\/pavoniadv\/wp-json\/wp\/v2\/pages"}],"about":[{"href":"https:\/\/bowebdesign.com.br\/pavoniadv\/wp-json\/wp\/v2\/types\/page"}],"author":[{"embeddable":true,"href":"https:\/\/bowebdesign.com.br\/pavoniadv\/wp-json\/wp\/v2\/users\/1"}],"replies":[{"embeddable":true,"href":"https:\/\/bowebdesign.com.br\/pavoniadv\/wp-json\/wp\/v2\/comments?post=2242"}],"version-history":[{"count":95,"href":"https:\/\/bowebdesign.com.br\/pavoniadv\/wp-json\/wp\/v2\/pages\/2242\/revisions"}],"predecessor-version":[{"id":11098,"href":"https:\/\/bowebdesign.com.br\/pavoniadv\/wp-json\/wp\/v2\/pages\/2242\/revisions\/11098"}],"wp:featuredmedia":[{"embeddable":true,"href":"https:\/\/bowebdesign.com.br\/pavoniadv\/wp-json\/wp\/v2\/media\/10983"}],"wp:attachment":[{"href":"https:\/\/bowebdesign.com.br\/pavoniadv\/wp-json\/wp\/v2\/media?parent=2242"}],"curies":[{"name":"wp","href":"https:\/\/api.w.org\/{rel}","templated":true}]}}