{"id":10770,"date":"2023-02-14T18:25:56","date_gmt":"2023-02-14T21:25:56","guid":{"rendered":"https:\/\/localhost\/Sites\/pavoniadv\/?page_id=10770"},"modified":"2023-04-24T18:08:02","modified_gmt":"2023-04-24T21:08:02","slug":"direito-da-infraestrutura","status":"publish","type":"page","link":"https:\/\/bowebdesign.com.br\/pavoniadv\/atuacao\/direito-da-infraestrutura\/","title":{"rendered":"Direito da Infraestrutura"},"content":{"rendered":"\n<p>A compet\u00eancia t\u00e9cnica e experi\u00eancia desenvolvida pela nossa equipe permitem prestar assessoria jur\u00eddica capacitada para acompanhar o ciclo de vida de projetos de infraestrutura voltados \u00e0 implanta\u00e7\u00e3o de parques e\u00f3licos, fotovoltaicos, termel\u00e9tricas e PCH\u2019s<strong>.<\/strong><\/p>\n\n\n\n<p>Representamos clientes perante as diversas ag\u00eancias reguladoras federais e estaduais e assessoramos empresas em<strong> <\/strong>licita\u00e7\u00f5es, concess\u00f5es e Parcerias P\u00fablico-Privadas (PPPs).<\/p>\n\n\n\n<p>Apesar de cada setor trazer especi\ufb01cidades \u00fanicas, a aplica\u00e7\u00e3o de mentalidade transacional coloca como foco do trabalho desenvolvido sempre o neg\u00f3cio do cliente, buscando por solu\u00e7\u00f5es que representem o menor risco. Essa \u00e9 nossa marca e o reconhecimento \u00e9 re\ufb02etido na variedade de clientes e na ampla atua\u00e7\u00e3o em projetos de infraestrutura e assessoria em quest\u00f5es regulat\u00f3rias.<\/p>\n\n\n\n<ul class=\"wp-block-list\">\n<li>Assessoria jur\u00eddica e estrat\u00e9gica<\/li>\n\n\n\n<li>Suporte jur\u00eddico em Contratos nacionais e internacionais<\/li>\n\n\n\n<li>Atua\u00e7\u00e3o em entidades de controle TCU, TCE, CGU, Minist\u00e9rio P\u00fablico, ANEEL, INCRA, INEMA em assunto relacionados a obras de Engenharia<\/li>\n\n\n\n<li>Integra\u00e7\u00e3o de Equipe PMO<\/li>\n\n\n\n<li>Planejamento e suporte em contrata\u00e7\u00f5es de grande porte<\/li>\n\n\n\n<li>Apoio em gest\u00e3o de indicadores de desempenho e <em>valuation<\/em><\/li>\n\n\n\n<li>Contencioso C\u00edvel e Tribut\u00e1rio ligados a Projetos<\/li>\n\n\n\n<li>Negocia\u00e7\u00f5es de contratos e indeniza\u00e7\u00f5es (claims)<\/li>\n\n\n\n<li>Gerenciamento de Riscos<\/li>\n\n\n\n<li>Condu\u00e7\u00e3o de Processos de M&amp;A<\/li>\n<\/ul>\n","protected":false},"excerpt":{"rendered":"<p>A compet\u00eancia t\u00e9cnica e experi\u00eancia desenvolvida pela nossa equipe permitem prestar assessoria jur\u00eddica capacitada para acompanhar o ciclo de vida de projetos de infraestrutura voltados \u00e0 implanta\u00e7\u00e3o de parques e\u00f3licos, fotovoltaicos, termel\u00e9tricas e PCH\u2019s. Representamos clientes perante as diversas ag\u00eancias reguladoras federais e estaduais e assessoramos empresas em licita\u00e7\u00f5es, concess\u00f5es e Parcerias P\u00fablico-Privadas (PPPs). Apesar&#8230;<\/p>\n","protected":false},"author":1,"featured_media":10983,"parent":10061,"menu_order":0,"comment_status":"closed","ping_status":"closed","template":"","meta":{"_acf_changed":false,"_tbt_post_transparent":"","_tbt_post_title":"","_tbt_post_layout":"","_tbt_post_sidebar_id":"","_tbt_post_content_style":"","_tbt_post_vertical_padding":"","_tbt_post_feature":"","_tbt_post_feature_position":"","_tbt_post_header":false,"_tbt_post_footer":false},"class_list":["post-10770","page","type-page","status-publish","has-post-thumbnail","hentry"],"acf":[],"_links":{"self":[{"href":"https:\/\/bowebdesign.com.br\/pavoniadv\/wp-json\/wp\/v2\/pages\/10770","targetHints":{"allow":["GET"]}}],"collection":[{"href":"https:\/\/bowebdesign.com.br\/pavoniadv\/wp-json\/wp\/v2\/pages"}],"about":[{"href":"https:\/\/bowebdesign.com.br\/pavoniadv\/wp-json\/wp\/v2\/types\/page"}],"author":[{"embeddable":true,"href":"https:\/\/bowebdesign.com.br\/pavoniadv\/wp-json\/wp\/v2\/users\/1"}],"replies":[{"embeddable":true,"href":"https:\/\/bowebdesign.com.br\/pavoniadv\/wp-json\/wp\/v2\/comments?post=10770"}],"version-history":[{"count":4,"href":"https:\/\/bowebdesign.com.br\/pavoniadv\/wp-json\/wp\/v2\/pages\/10770\/revisions"}],"predecessor-version":[{"id":11074,"href":"https:\/\/bowebdesign.com.br\/pavoniadv\/wp-json\/wp\/v2\/pages\/10770\/revisions\/11074"}],"up":[{"embeddable":true,"href":"https:\/\/bowebdesign.com.br\/pavoniadv\/wp-json\/wp\/v2\/pages\/10061"}],"wp:featuredmedia":[{"embeddable":true,"href":"https:\/\/bowebdesign.com.br\/pavoniadv\/wp-json\/wp\/v2\/media\/10983"}],"wp:attachment":[{"href":"https:\/\/bowebdesign.com.br\/pavoniadv\/wp-json\/wp\/v2\/media?parent=10770"}],"curies":[{"name":"wp","href":"https:\/\/api.w.org\/{rel}","templated":true}]}}