{"id":10748,"date":"2023-02-14T18:08:56","date_gmt":"2023-02-14T21:08:56","guid":{"rendered":"https:\/\/localhost\/Sites\/pavoniadv\/?page_id=10748"},"modified":"2023-04-24T18:08:00","modified_gmt":"2023-04-24T21:08:00","slug":"direito-imobiliario","status":"publish","type":"page","link":"https:\/\/bowebdesign.com.br\/pavoniadv\/atuacao\/direito-imobiliario\/","title":{"rendered":"Direito Imobili\u00e1rio"},"content":{"rendered":"\n<p>A expans\u00e3o do mercado imobili\u00e1rio, verificada h\u00e1 alguns anos, trouxe como consequ\u00eancia a multiplica\u00e7\u00e3o de contratos nesta esfera. Naturalmente, crescentes tamb\u00e9m os conflitos e os tratamentos mais recorrentes da mat\u00e9ria nos tribunais.<\/p>\n\n\n\n<p>A regulariza\u00e7\u00e3o evita entraves em <strong>transa\u00e7\u00f5es de compra e venda<\/strong> futuras, invent\u00e1rios, al\u00e9m de valorizar o im\u00f3vel e trazer <strong>seguran\u00e7a jur\u00eddica aos seus propriet\u00e1rios<\/strong>.<\/p>\n\n\n\n<p>Contando com profissionais especializados nesta \u00e1rea, o escrit\u00f3rio Pavoni e Advogados Associados atua na verifica\u00e7\u00e3o da regularidade dos <strong>procedimentos administrativos de<\/strong> <strong>incorpora\u00e7\u00e3o imobili\u00e1ria e loteamentos<\/strong>, <strong>an\u00e1lises contratuais e resolu\u00e7\u00e3o de conflitos<\/strong> para encontrar o melhor caminho para adequar seus im\u00f3veis e proteger seu patrim\u00f4nio.<\/p>\n\n\n\n<p>Algumas solu\u00e7\u00f5es poss\u00edveis:<strong> <em>Due Dilligence <\/em>Imobili\u00e1ria<\/strong> (estudo da documenta\u00e7\u00e3o do im\u00f3vel e do propriet\u00e1rio),<strong> demandas judiciais&nbsp; imobili\u00e1rias<\/strong>, <strong>Regulariza\u00e7\u00e3o de Im\u00f3veis<\/strong>, <strong>Usucapi\u00e3o<\/strong> e etc.<\/p>\n\n\n\n<p><strong>Consultoria<\/strong><\/p>\n\n\n\n<ul class=\"wp-block-list\">\n<li>An\u00e1lise e confec\u00e7\u00e3o de contratos referentes e neg\u00f3cios imobili\u00e1rios<\/li>\n\n\n\n<li>An\u00e1lise sobre regularidade de procedimento administrativo e registral de incorpora\u00e7\u00f5es imobili\u00e1rias e loteamentos<\/li>\n\n\n\n<li>Avalia\u00e7\u00e3o pr\u00e9via pertinente para aquisi\u00e7\u00e3o de im\u00f3veis (conting\u00eancia de riscos)<\/li>\n\n\n\n<li>Notifica\u00e7\u00f5es extrajudiciais e negocia\u00e7\u00e3o de acordos para resolu\u00e7\u00e3o de conflitos imobili\u00e1rios<\/li>\n\n\n\n<li>Atua\u00e7\u00e3o em \u00e2mbito notarial e registral para regulariza\u00e7\u00e3o formal do im\u00f3vel<\/li>\n<\/ul>\n\n\n\n<p><strong>Contencioso<\/strong><\/p>\n\n\n\n<ul class=\"wp-block-list\">\n<li>A\u00e7\u00f5es de despejo com cobran\u00e7a de alugu\u00e9is<\/li>\n\n\n\n<li>A\u00e7\u00f5es renovat\u00f3rias<\/li>\n\n\n\n<li>A\u00e7\u00f5es revisionais de aluguel<\/li>\n\n\n\n<li>A\u00e7\u00f5es de reintegra\u00e7\u00e3o de posse<\/li>\n\n\n\n<li>A\u00e7\u00f5es reivindicat\u00f3rias<\/li>\n\n\n\n<li>A\u00e7\u00f5es de nuncia\u00e7\u00e3o de obra nova<\/li>\n\n\n\n<li>A\u00e7\u00f5es de rescis\u00e3o de contratos de compra e venda<\/li>\n\n\n\n<li>A\u00e7\u00f5es de cobran\u00e7a de quota condominial<\/li>\n\n\n\n<li>A\u00e7\u00f5es de usucapi\u00e3o<\/li>\n\n\n\n<li>A\u00e7\u00f5es de obriga\u00e7\u00e3o de fazer com perdas e danos<\/li>\n\n\n\n<li>Medidas liminares<\/li>\n\n\n\n<li>Mandados de seguran\u00e7a<\/li>\n<\/ul>\n","protected":false},"excerpt":{"rendered":"<p>A expans\u00e3o do mercado imobili\u00e1rio, verificada h\u00e1 alguns anos, trouxe como consequ\u00eancia a multiplica\u00e7\u00e3o de contratos nesta esfera. Naturalmente, crescentes tamb\u00e9m os conflitos e os tratamentos mais recorrentes da mat\u00e9ria nos tribunais. A regulariza\u00e7\u00e3o evita entraves em transa\u00e7\u00f5es de compra e venda futuras, invent\u00e1rios, al\u00e9m de valorizar o im\u00f3vel e trazer seguran\u00e7a jur\u00eddica aos seus&#8230;<\/p>\n","protected":false},"author":1,"featured_media":10983,"parent":10061,"menu_order":0,"comment_status":"closed","ping_status":"closed","template":"","meta":{"_acf_changed":false,"_tbt_post_transparent":"","_tbt_post_title":"","_tbt_post_layout":"","_tbt_post_sidebar_id":"","_tbt_post_content_style":"","_tbt_post_vertical_padding":"","_tbt_post_feature":"","_tbt_post_feature_position":"","_tbt_post_header":false,"_tbt_post_footer":false},"class_list":["post-10748","page","type-page","status-publish","has-post-thumbnail","hentry"],"acf":[],"_links":{"self":[{"href":"https:\/\/bowebdesign.com.br\/pavoniadv\/wp-json\/wp\/v2\/pages\/10748","targetHints":{"allow":["GET"]}}],"collection":[{"href":"https:\/\/bowebdesign.com.br\/pavoniadv\/wp-json\/wp\/v2\/pages"}],"about":[{"href":"https:\/\/bowebdesign.com.br\/pavoniadv\/wp-json\/wp\/v2\/types\/page"}],"author":[{"embeddable":true,"href":"https:\/\/bowebdesign.com.br\/pavoniadv\/wp-json\/wp\/v2\/users\/1"}],"replies":[{"embeddable":true,"href":"https:\/\/bowebdesign.com.br\/pavoniadv\/wp-json\/wp\/v2\/comments?post=10748"}],"version-history":[{"count":5,"href":"https:\/\/bowebdesign.com.br\/pavoniadv\/wp-json\/wp\/v2\/pages\/10748\/revisions"}],"predecessor-version":[{"id":11092,"href":"https:\/\/bowebdesign.com.br\/pavoniadv\/wp-json\/wp\/v2\/pages\/10748\/revisions\/11092"}],"up":[{"embeddable":true,"href":"https:\/\/bowebdesign.com.br\/pavoniadv\/wp-json\/wp\/v2\/pages\/10061"}],"wp:featuredmedia":[{"embeddable":true,"href":"https:\/\/bowebdesign.com.br\/pavoniadv\/wp-json\/wp\/v2\/media\/10983"}],"wp:attachment":[{"href":"https:\/\/bowebdesign.com.br\/pavoniadv\/wp-json\/wp\/v2\/media?parent=10748"}],"curies":[{"name":"wp","href":"https:\/\/api.w.org\/{rel}","templated":true}]}}