{"id":10746,"date":"2023-02-14T18:08:41","date_gmt":"2023-02-14T21:08:41","guid":{"rendered":"https:\/\/localhost\/Sites\/pavoniadv\/?page_id=10746"},"modified":"2023-04-24T18:08:03","modified_gmt":"2023-04-24T21:08:03","slug":"direito-civil","status":"publish","type":"page","link":"https:\/\/bowebdesign.com.br\/pavoniadv\/atuacao\/direito-civil\/","title":{"rendered":"Direito Civil"},"content":{"rendered":"\n<p>Atua\u00e7\u00e3o integrada com as demais \u00e1reas, incluindo presta\u00e7\u00f5es consultivas pontuais, gerenciais e de acompanhamento, al\u00e9m de demandas contenciosas, envolvendo processos judiciais e arbitrais.<\/p>\n\n\n\n<p><strong>Atua\u00e7\u00e3o:<\/strong><\/p>\n\n\n\n<ul class=\"wp-block-list\">\n<li>Elabora\u00e7\u00e3o de Contratos Sociais e Estatutos<\/li>\n\n\n\n<li>Contratos C\u00edveis e Comerciais<\/li>\n\n\n\n<li>Testamentos<\/li>\n\n\n\n<li>Processos judiciais e arbitrais de reestrutura\u00e7\u00e3o de empresas e insolv\u00eancia<\/li>\n\n\n\n<li>Indeniza\u00e7\u00f5es<\/li>\n\n\n\n<li>Sucess\u00f5es<\/li>\n\n\n\n<li>Conflitos contratuais e societ\u00e1rios<\/li>\n\n\n\n<li>Execu\u00e7\u00e3o de Contratos<\/li>\n<\/ul>\n","protected":false},"excerpt":{"rendered":"<p>Atua\u00e7\u00e3o integrada com as demais \u00e1reas, incluindo presta\u00e7\u00f5es consultivas pontuais, gerenciais e de acompanhamento, al\u00e9m de demandas contenciosas, envolvendo processos judiciais e arbitrais. Atua\u00e7\u00e3o:<\/p>\n","protected":false},"author":1,"featured_media":10983,"parent":10061,"menu_order":0,"comment_status":"closed","ping_status":"closed","template":"","meta":{"_acf_changed":false,"_tbt_post_transparent":"","_tbt_post_title":"","_tbt_post_layout":"","_tbt_post_sidebar_id":"","_tbt_post_content_style":"","_tbt_post_vertical_padding":"","_tbt_post_feature":"","_tbt_post_feature_position":"","_tbt_post_header":false,"_tbt_post_footer":false},"class_list":["post-10746","page","type-page","status-publish","has-post-thumbnail","hentry"],"acf":[],"_links":{"self":[{"href":"https:\/\/bowebdesign.com.br\/pavoniadv\/wp-json\/wp\/v2\/pages\/10746","targetHints":{"allow":["GET"]}}],"collection":[{"href":"https:\/\/bowebdesign.com.br\/pavoniadv\/wp-json\/wp\/v2\/pages"}],"about":[{"href":"https:\/\/bowebdesign.com.br\/pavoniadv\/wp-json\/wp\/v2\/types\/page"}],"author":[{"embeddable":true,"href":"https:\/\/bowebdesign.com.br\/pavoniadv\/wp-json\/wp\/v2\/users\/1"}],"replies":[{"embeddable":true,"href":"https:\/\/bowebdesign.com.br\/pavoniadv\/wp-json\/wp\/v2\/comments?post=10746"}],"version-history":[{"count":3,"href":"https:\/\/bowebdesign.com.br\/pavoniadv\/wp-json\/wp\/v2\/pages\/10746\/revisions"}],"predecessor-version":[{"id":11091,"href":"https:\/\/bowebdesign.com.br\/pavoniadv\/wp-json\/wp\/v2\/pages\/10746\/revisions\/11091"}],"up":[{"embeddable":true,"href":"https:\/\/bowebdesign.com.br\/pavoniadv\/wp-json\/wp\/v2\/pages\/10061"}],"wp:featuredmedia":[{"embeddable":true,"href":"https:\/\/bowebdesign.com.br\/pavoniadv\/wp-json\/wp\/v2\/media\/10983"}],"wp:attachment":[{"href":"https:\/\/bowebdesign.com.br\/pavoniadv\/wp-json\/wp\/v2\/media?parent=10746"}],"curies":[{"name":"wp","href":"https:\/\/api.w.org\/{rel}","templated":true}]}}