{"id":10744,"date":"2023-02-14T18:08:32","date_gmt":"2023-02-14T21:08:32","guid":{"rendered":"https:\/\/localhost\/Sites\/pavoniadv\/?page_id=10744"},"modified":"2023-04-24T18:08:04","modified_gmt":"2023-04-24T21:08:04","slug":"direito-administrativo","status":"publish","type":"page","link":"https:\/\/bowebdesign.com.br\/pavoniadv\/atuacao\/direito-administrativo\/","title":{"rendered":"Direito Administrativo"},"content":{"rendered":"\n<p>O escrit\u00f3rio Pavoni e Advogados Associados atua na \u00e1rea do <strong>Direito Administrativo<\/strong>, prestando amplo assessoramento aos clientes que se relacionam com \u00f3rg\u00e3os da <strong>Administra\u00e7\u00e3o P\u00fablica<\/strong> direta e indireta nas esferas <strong>Federal<\/strong>, <strong>Estadual e Municipal.<\/strong><\/p>\n\n\n\n<p>Possui como meta a sistematiza\u00e7\u00e3o dos fins desejados pelo Estado, ou seja, o interesse p\u00fablico, regrado pelo princ\u00edpio da legalidade.<\/p>\n\n\n\n<p><strong>Atua\u00e7\u00e3o:<\/strong><\/p>\n\n\n\n<ul class=\"wp-block-list\">\n<li>Pleitos administrativos junto a \u00f3rg\u00e3os da administra\u00e7\u00e3o direta\/indireta, incluindo quaisquer empresas ou autarquias p\u00fablicas, sociedades de economia mista e <strong>funda\u00e7\u00f5es p\u00fablicas<\/strong><\/li>\n\n\n\n<li>Defesa judicial e administrativa relacionada ao direito administrativo, <strong>direito ambiental<\/strong>, direito constitucional, bem como em a\u00e7\u00f5es de controle de constitucionalidade<\/li>\n\n\n\n<li>Em favor de pessoas f\u00edsicas e jur\u00eddicas em a\u00e7\u00f5es civis p\u00fablicas, <strong>improbidade administrativa<\/strong>, a\u00e7\u00f5es populares, mandados de seguran\u00e7a, <em>habeas data<\/em> e outras<\/li>\n\n\n\n<li>Defesa judicial dos agentes p\u00fablicos em a\u00e7\u00f5es persecut\u00f3rias de crimes de responsabilidade ou contra a administra\u00e7\u00e3o p\u00fablica, bem como em <strong>processos administrativos disciplinares ou indenizat\u00f3rios<\/strong><\/li>\n\n\n\n<li>Licita\u00e7\u00f5es e contratos administrativos, mediante impugna\u00e7\u00e3o a <strong>editais de licita\u00e7\u00e3o<\/strong>, recursos, defesas, impugna\u00e7\u00e3o \u00e0 habilita\u00e7\u00e3o de concorrentes e atua\u00e7\u00e3o administrativa e judicial em raz\u00e3o de contratos firmados com a administra\u00e7\u00e3o direta\/indireta<\/li>\n\n\n\n<li>Defesa administrativa e judicial de servidores p\u00fablicos e de terceiros em lit\u00edgios com a administra\u00e7\u00e3o p\u00fablica<\/li>\n<\/ul>\n","protected":false},"excerpt":{"rendered":"<p>O escrit\u00f3rio Pavoni e Advogados Associados atua na \u00e1rea do Direito Administrativo, prestando amplo assessoramento aos clientes que se relacionam com \u00f3rg\u00e3os da Administra\u00e7\u00e3o P\u00fablica direta e indireta nas esferas Federal, Estadual e Municipal. Possui como meta a sistematiza\u00e7\u00e3o dos fins desejados pelo Estado, ou seja, o interesse p\u00fablico, regrado pelo princ\u00edpio da legalidade. Atua\u00e7\u00e3o:<\/p>\n","protected":false},"author":1,"featured_media":10983,"parent":10061,"menu_order":0,"comment_status":"closed","ping_status":"closed","template":"","meta":{"_acf_changed":false,"_tbt_post_transparent":"","_tbt_post_title":"","_tbt_post_layout":"","_tbt_post_sidebar_id":"","_tbt_post_content_style":"","_tbt_post_vertical_padding":"","_tbt_post_feature":"","_tbt_post_feature_position":"","_tbt_post_header":false,"_tbt_post_footer":false},"class_list":["post-10744","page","type-page","status-publish","has-post-thumbnail","hentry"],"acf":[],"_links":{"self":[{"href":"https:\/\/bowebdesign.com.br\/pavoniadv\/wp-json\/wp\/v2\/pages\/10744","targetHints":{"allow":["GET"]}}],"collection":[{"href":"https:\/\/bowebdesign.com.br\/pavoniadv\/wp-json\/wp\/v2\/pages"}],"about":[{"href":"https:\/\/bowebdesign.com.br\/pavoniadv\/wp-json\/wp\/v2\/types\/page"}],"author":[{"embeddable":true,"href":"https:\/\/bowebdesign.com.br\/pavoniadv\/wp-json\/wp\/v2\/users\/1"}],"replies":[{"embeddable":true,"href":"https:\/\/bowebdesign.com.br\/pavoniadv\/wp-json\/wp\/v2\/comments?post=10744"}],"version-history":[{"count":6,"href":"https:\/\/bowebdesign.com.br\/pavoniadv\/wp-json\/wp\/v2\/pages\/10744\/revisions"}],"predecessor-version":[{"id":11090,"href":"https:\/\/bowebdesign.com.br\/pavoniadv\/wp-json\/wp\/v2\/pages\/10744\/revisions\/11090"}],"up":[{"embeddable":true,"href":"https:\/\/bowebdesign.com.br\/pavoniadv\/wp-json\/wp\/v2\/pages\/10061"}],"wp:featuredmedia":[{"embeddable":true,"href":"https:\/\/bowebdesign.com.br\/pavoniadv\/wp-json\/wp\/v2\/media\/10983"}],"wp:attachment":[{"href":"https:\/\/bowebdesign.com.br\/pavoniadv\/wp-json\/wp\/v2\/media?parent=10744"}],"curies":[{"name":"wp","href":"https:\/\/api.w.org\/{rel}","templated":true}]}}