{"id":10730,"date":"2023-02-14T17:57:07","date_gmt":"2023-02-14T20:57:07","guid":{"rendered":"https:\/\/localhost\/Sites\/pavoniadv\/?page_id=10730"},"modified":"2023-04-24T18:09:07","modified_gmt":"2023-04-24T21:09:07","slug":"direito-tributario","status":"publish","type":"page","link":"https:\/\/bowebdesign.com.br\/pavoniadv\/atuacao\/direito-tributario\/","title":{"rendered":"Direito Tribut\u00e1rio"},"content":{"rendered":"\n<p>Estruturar um <strong>planejamento tribut\u00e1rio<\/strong> \u00e9 uma atividade que demanda tempo e esfor\u00e7o por parte das empresas, visto que a alta carga tribut\u00e1ria \u00e9 um dos principais \u00f3bices enfrentados ao desenvolvimento. \u00c9 por conta disso que o escrit\u00f3rio Pavoni e Advogados Associados atua na cria\u00e7\u00e3o de um planejamento estrat\u00e9gico que visa <strong>otimizar as opera\u00e7\u00f5es fiscais<\/strong> de seus clientes.<\/p>\n\n\n\n<p><strong>Consultoria Tribut\u00e1ria<\/strong><\/p>\n\n\n\n<ul class=\"wp-block-list\">\n<li>An\u00e1lise da Legisla\u00e7\u00e3o Federal, Estadual e Municipal que foi submetida pelo cliente<\/li>\n\n\n\n<li>Aconselhamento sobre a melhor aplica\u00e7\u00e3o e aproveitamento da Legisla\u00e7\u00e3o Tribut\u00e1ria ao neg\u00f3cio do nosso cliente<\/li>\n\n\n\n<li>Verifica\u00e7\u00e3o de Benef\u00edcios Fiscais ou Tribut\u00e1rios<\/li>\n\n\n\n<li>Acompanhamento de Consulta espec\u00edfica perante a Receita Federal do Brasil, Secretaria da Fazenda de Estado ou Secretaria de Finan\u00e7as Municipal, permitindo que nossos clientes tenham maior certeza de como pensa a administra\u00e7\u00e3o p\u00fablica sobre quest\u00f5es tribut\u00e1rias com interpreta\u00e7\u00e3o duvidosa<\/li>\n\n\n\n<li>Planejamento tribut\u00e1rio<\/li>\n\n\n\n<li>Acompanhamento de Processo Administrativo Tribut\u00e1rio<\/li>\n\n\n\n<li>An\u00e1lise de Auto de Infra\u00e7\u00e3o para verificar se a infra\u00e7\u00e3o ou multa s\u00e3o procedentes<\/li>\n\n\n\n<li>Planejamento para resolver d\u00edvidas ou cobran\u00e7as tribut\u00e1rias<\/li>\n\n\n\n<li>Esclarecimento e apoio em compensa\u00e7\u00e3o tribut\u00e1ria, ressarcimento ou restitui\u00e7\u00e3o<\/li>\n\n\n\n<li>Esclarecimento e apoio em parcelamentos tribut\u00e1rio<\/li>\n\n\n\n<li>Dilig\u00eancia para obten\u00e7\u00e3o de Certid\u00e3o Negativa de D\u00e9bito Tribut\u00e1rio ou Certid\u00e3o Positiva com efeito de Negativa<\/li>\n\n\n\n<li>An\u00e1lise de NCM para efeito de Classifica\u00e7\u00e3o de Mercadoria em cotejo com as Regras Gerais de Interpreta\u00e7\u00e3o<\/li>\n\n\n\n<li>Apoio ao nosso cliente para obter benef\u00edcios tribut\u00e1rios em raz\u00e3o de Ex-tarif\u00e1rio<\/li>\n<\/ul>\n\n\n\n<p><strong>Contencioso Tribut\u00e1rio Judicial<\/strong><\/p>\n\n\n\n<ul class=\"wp-block-list\">\n<li>Auto de Infra\u00e7\u00e3o<\/li>\n\n\n\n<li>Execu\u00e7\u00e3o Fiscal<\/li>\n\n\n\n<li>Anula\u00e7\u00e3o de D\u00e9bito Fiscal ou Tribut\u00e1rio<\/li>\n\n\n\n<li>Susta\u00e7\u00e3o de Protestos por d\u00edvidas Tribut\u00e1rias<\/li>\n\n\n\n<li>Discuss\u00e3o ou verifica\u00e7\u00e3o de CDA \u2013 Certid\u00e3o de D\u00edvida Ativa<\/li>\n\n\n\n<li>Devolu\u00e7\u00e3o de Tributos pagos a maior<\/li>\n\n\n\n<li>Libera\u00e7\u00e3o de Cargas Retidas por quest\u00f5es ligadas ao n\u00e3o pagamento de impostos<\/li>\n\n\n\n<li>Discuss\u00e3o sobre Nota Fiscal Inid\u00f4nea<\/li>\n<\/ul>\n","protected":false},"excerpt":{"rendered":"<p>Estruturar um planejamento tribut\u00e1rio \u00e9 uma atividade que demanda tempo e esfor\u00e7o por parte das empresas, visto que a alta carga tribut\u00e1ria \u00e9 um dos principais \u00f3bices enfrentados ao desenvolvimento. \u00c9 por conta disso que o escrit\u00f3rio Pavoni e Advogados Associados atua na cria\u00e7\u00e3o de um planejamento estrat\u00e9gico que visa otimizar as opera\u00e7\u00f5es fiscais de&#8230;<\/p>\n","protected":false},"author":1,"featured_media":10983,"parent":10061,"menu_order":0,"comment_status":"closed","ping_status":"closed","template":"","meta":{"_acf_changed":false,"_tbt_post_transparent":"","_tbt_post_title":"","_tbt_post_layout":"","_tbt_post_sidebar_id":"","_tbt_post_content_style":"","_tbt_post_vertical_padding":"","_tbt_post_feature":"","_tbt_post_feature_position":"","_tbt_post_header":false,"_tbt_post_footer":false},"class_list":["post-10730","page","type-page","status-publish","has-post-thumbnail","hentry"],"acf":[],"_links":{"self":[{"href":"https:\/\/bowebdesign.com.br\/pavoniadv\/wp-json\/wp\/v2\/pages\/10730","targetHints":{"allow":["GET"]}}],"collection":[{"href":"https:\/\/bowebdesign.com.br\/pavoniadv\/wp-json\/wp\/v2\/pages"}],"about":[{"href":"https:\/\/bowebdesign.com.br\/pavoniadv\/wp-json\/wp\/v2\/types\/page"}],"author":[{"embeddable":true,"href":"https:\/\/bowebdesign.com.br\/pavoniadv\/wp-json\/wp\/v2\/users\/1"}],"replies":[{"embeddable":true,"href":"https:\/\/bowebdesign.com.br\/pavoniadv\/wp-json\/wp\/v2\/comments?post=10730"}],"version-history":[{"count":9,"href":"https:\/\/bowebdesign.com.br\/pavoniadv\/wp-json\/wp\/v2\/pages\/10730\/revisions"}],"predecessor-version":[{"id":11095,"href":"https:\/\/bowebdesign.com.br\/pavoniadv\/wp-json\/wp\/v2\/pages\/10730\/revisions\/11095"}],"up":[{"embeddable":true,"href":"https:\/\/bowebdesign.com.br\/pavoniadv\/wp-json\/wp\/v2\/pages\/10061"}],"wp:featuredmedia":[{"embeddable":true,"href":"https:\/\/bowebdesign.com.br\/pavoniadv\/wp-json\/wp\/v2\/media\/10983"}],"wp:attachment":[{"href":"https:\/\/bowebdesign.com.br\/pavoniadv\/wp-json\/wp\/v2\/media?parent=10730"}],"curies":[{"name":"wp","href":"https:\/\/api.w.org\/{rel}","templated":true}]}}