{"id":10678,"date":"2023-02-14T17:14:52","date_gmt":"2023-02-14T20:14:52","guid":{"rendered":"https:\/\/localhost\/Sites\/pavoniadv\/?page_id=10678"},"modified":"2023-04-24T18:08:31","modified_gmt":"2023-04-24T21:08:31","slug":"regularizacao-fundiaria","status":"publish","type":"page","link":"https:\/\/bowebdesign.com.br\/pavoniadv\/atuacao\/regularizacao-fundiaria\/","title":{"rendered":"Regulariza\u00e7\u00e3o fundi\u00e1ria"},"content":{"rendered":"\n<h4 class=\"wp-block-heading has-text-align-center\"><strong><mark style=\"background-color:rgba(0, 0, 0, 0)\" class=\"has-inline-color has-theme-palette-2-color\">Somos especialistas em regulariza\u00e7\u00e3o fundi\u00e1ria<\/mark><\/strong><\/h4>\n\n\n\n<p>Em termos gerais, a <strong>Regulariza\u00e7\u00e3o Fundi\u00e1ria <\/strong>busca mesclar medidas jur\u00eddicas, urban\u00edsticas e s\u00f3cio ambientais com a finalidade de trazer para o contexto legal propriedades tanto rurais quanto urbanas.<\/p>\n\n\n\n<p>O escrit\u00f3rio Pavoni e Advogados Associados tem longa presen\u00e7a e reputa\u00e7\u00e3o no atendimento de empresas do setor de <strong>energias renov\u00e1veis<\/strong> e ampla atua\u00e7\u00e3o no \u00e2mbito C\u00edvel Consultivo, Gerencial e Contencioso, com especial destaque no <strong>Direito Fundi\u00e1rio<\/strong>.<\/p>\n\n\n\n<p>Assessoramos clientes nos seguintes setores de energia:<\/p>\n\n\n\n<ul class=\"wp-block-list\">\n<li>E\u00f3lica<\/li>\n\n\n\n<li>Solar<\/li>\n\n\n\n<li>Hidroel\u00e9trica<\/li>\n\n\n\n<li>Hidrog\u00eanio<\/li>\n<\/ul>\n\n\n\n<p><strong>Atua\u00e7\u00e3o:<\/strong><\/p>\n\n\n\n<ul class=\"wp-block-list\">\n<li>Diagn\u00f3stico imobili\u00e1rio: levantamento de informa\u00e7\u00f5es registrais, possess\u00f3rias e cadastrais, com emiss\u00e3o de parecer opinativo acerca da regulariza\u00e7\u00e3o pertinente<\/li>\n\n\n\n<li>Desapropria\u00e7\u00e3o e Institui\u00e7\u00e3o de Servid\u00e3o Administrativa por Declara\u00e7\u00e3o de Utilidade P\u00fablica &#8211; condu\u00e7\u00e3o extrajudicial e contenciosa<\/li>\n\n\n\n<li>Usucapi\u00e3o judicial e extrajudicial<\/li>\n\n\n\n<li>Demandas possess\u00f3rias e reivindicat\u00f3rias em geral<\/li>\n\n\n\n<li>Regulariza\u00e7\u00e3o registral e cadastral (CCIR, ITR, SIGEF e CAR), com interface \u00e0 atua\u00e7\u00e3o de agrimensura<\/li>\n\n\n\n<li>Procedimentos administrativos de regulariza\u00e7\u00e3o fundi\u00e1ria espec\u00edficos a projetos de energias renov\u00e1veis, a exemplo de &#8220;Corredores de Vento&#8221; no estado da Bahia<\/li>\n\n\n\n<li>Rela\u00e7\u00e3o institucional e interface com \u00f3rg\u00e3os ligados \u00e0 regulariza\u00e7\u00e3o fundi\u00e1ria (of\u00edcios extrajudiciais, Prefeituras, INCRA, Receita Federal, \u00f3rg\u00e3os ambientais, secretarias estaduais, etc)<\/li>\n\n\n\n<li>Gerenciamento de <strong>regulariza\u00e7\u00e3o fundi\u00e1ria de im\u00f3veis<\/strong>, com a coordena\u00e7\u00e3o\u00a0 e execu\u00e7\u00e3o de atos junto a Tabelionatos de Notas, Of\u00edcios de Registros de Im\u00f3veis, INCRA, Receita Federal e demais entes p\u00fablicos<\/li>\n\n\n\n<li>Elabora\u00e7\u00e3o, an\u00e1lise e gerenciamento de contratos que tenham por objeto im\u00f3vel rural (aquisi\u00e7\u00e3o, cess\u00e3o de direitos possess\u00f3rias, arrendamento, comodato, servid\u00e3o de passagem, servid\u00e3o administrativa, etc)<\/li>\n\n\n\n<li>Adequa\u00e7\u00e3o da situa\u00e7\u00e3o registral<\/li>\n<\/ul>\n","protected":false},"excerpt":{"rendered":"<p>Somos especialistas em regulariza\u00e7\u00e3o fundi\u00e1ria Em termos gerais, a Regulariza\u00e7\u00e3o Fundi\u00e1ria busca mesclar medidas jur\u00eddicas, urban\u00edsticas e s\u00f3cio ambientais com a finalidade de trazer para o contexto legal propriedades tanto rurais quanto urbanas. O escrit\u00f3rio Pavoni e Advogados Associados tem longa presen\u00e7a e reputa\u00e7\u00e3o no atendimento de empresas do setor de energias renov\u00e1veis e ampla&#8230;<\/p>\n","protected":false},"author":1,"featured_media":10983,"parent":10061,"menu_order":0,"comment_status":"closed","ping_status":"closed","template":"","meta":{"_acf_changed":false,"_tbt_post_transparent":"","_tbt_post_title":"","_tbt_post_layout":"","_tbt_post_sidebar_id":"","_tbt_post_content_style":"","_tbt_post_vertical_padding":"","_tbt_post_feature":"","_tbt_post_feature_position":"","_tbt_post_header":false,"_tbt_post_footer":false},"class_list":["post-10678","page","type-page","status-publish","has-post-thumbnail","hentry"],"acf":[],"_links":{"self":[{"href":"https:\/\/bowebdesign.com.br\/pavoniadv\/wp-json\/wp\/v2\/pages\/10678","targetHints":{"allow":["GET"]}}],"collection":[{"href":"https:\/\/bowebdesign.com.br\/pavoniadv\/wp-json\/wp\/v2\/pages"}],"about":[{"href":"https:\/\/bowebdesign.com.br\/pavoniadv\/wp-json\/wp\/v2\/types\/page"}],"author":[{"embeddable":true,"href":"https:\/\/bowebdesign.com.br\/pavoniadv\/wp-json\/wp\/v2\/users\/1"}],"replies":[{"embeddable":true,"href":"https:\/\/bowebdesign.com.br\/pavoniadv\/wp-json\/wp\/v2\/comments?post=10678"}],"version-history":[{"count":9,"href":"https:\/\/bowebdesign.com.br\/pavoniadv\/wp-json\/wp\/v2\/pages\/10678\/revisions"}],"predecessor-version":[{"id":11094,"href":"https:\/\/bowebdesign.com.br\/pavoniadv\/wp-json\/wp\/v2\/pages\/10678\/revisions\/11094"}],"up":[{"embeddable":true,"href":"https:\/\/bowebdesign.com.br\/pavoniadv\/wp-json\/wp\/v2\/pages\/10061"}],"wp:featuredmedia":[{"embeddable":true,"href":"https:\/\/bowebdesign.com.br\/pavoniadv\/wp-json\/wp\/v2\/media\/10983"}],"wp:attachment":[{"href":"https:\/\/bowebdesign.com.br\/pavoniadv\/wp-json\/wp\/v2\/media?parent=10678"}],"curies":[{"name":"wp","href":"https:\/\/api.w.org\/{rel}","templated":true}]}}