{"id":10400,"date":"2022-10-31T04:59:45","date_gmt":"2022-10-31T07:59:45","guid":{"rendered":"https:\/\/demos.coderplace.com\/wp\/WP01\/WP01007\/?page_id=10400"},"modified":"2023-04-26T19:45:59","modified_gmt":"2023-04-26T22:45:59","slug":"equipe","status":"publish","type":"page","link":"https:\/\/bowebdesign.com.br\/pavoniadv\/equipe\/","title":{"rendered":"Equipe"},"content":{"rendered":"\t\t<div data-elementor-type=\"wp-page\" data-elementor-id=\"10400\" class=\"elementor elementor-10400\">\n\t\t\t\t\t\t<section class=\"elementor-section elementor-top-section elementor-element elementor-element-f556501 elementor-section-full_width elementor-section-height-default elementor-section-height-default\" data-id=\"f556501\" data-element_type=\"section\">\n\t\t\t\t\t\t<div class=\"elementor-container elementor-column-gap-default\">\n\t\t\t\t\t<div class=\"elementor-column elementor-col-100 elementor-top-column elementor-element elementor-element-5daa882\" data-id=\"5daa882\" data-element_type=\"column\">\n\t\t\t<div class=\"elementor-widget-wrap elementor-element-populated\">\n\t\t\t\t\t\t<section class=\"elementor-section elementor-inner-section elementor-element elementor-element-356db0a elementor-section-boxed elementor-section-height-default elementor-section-height-default\" data-id=\"356db0a\" data-element_type=\"section\">\n\t\t\t\t\t\t<div class=\"elementor-container elementor-column-gap-default\">\n\t\t\t\t\t<div class=\"elementor-column elementor-col-100 elementor-inner-column elementor-element elementor-element-b547fe3\" data-id=\"b547fe3\" data-element_type=\"column\">\n\t\t\t<div class=\"elementor-widget-wrap elementor-element-populated\">\n\t\t\t\t\t\t<div class=\"elementor-element elementor-element-076599a elementor-widget elementor-widget-text-editor\" data-id=\"076599a\" data-element_type=\"widget\" data-widget_type=\"text-editor.default\">\n\t\t\t\t<div class=\"elementor-widget-container\">\n\t\t\t\t\t\t\t\t\t<p><span style=\"font-weight: 400;\">Atuamos com uma equipe integrada que nos permite enxergar al\u00e9m das necessidades de nossos clientes para antecipar cen\u00e1rios complexos, tornando neg\u00f3cios poss\u00edveis.<\/span><\/p><p><span style=\"font-weight: 400;\">Atrav\u00e9s do nosso conhecimento jur\u00eddico, constru\u00edmos uma rela\u00e7\u00e3o pr\u00f3xima e de parceria com os empreendedores, para que eles possam <\/span><b>utilizar o Direito de forma estrat\u00e9gica em seu neg\u00f3cio.<\/b><\/p><p><span style=\"letter-spacing: 0.3px;\">Nossos advogados comprometem-se pessoalmente com o cuidado de todos os casos em que o escrit\u00f3rio atua. \u00c9 por essa raz\u00e3o que a pessoalidade na presta\u00e7\u00e3o de servi\u00e7os e a busca por um padr\u00e3o de excel\u00eancia constante s\u00e3o os principais pilares de nossa atua\u00e7\u00e3o.<\/span><b><br \/><\/b><\/p>\t\t\t\t\t\t\t\t<\/div>\n\t\t\t\t<\/div>\n\t\t\t\t\t<\/div>\n\t\t<\/div>\n\t\t\t\t\t<\/div>\n\t\t<\/section>\n\t\t\t\t<div class=\"elementor-element elementor-element-85d1136 elementor-widget elementor-widget-heading\" data-id=\"85d1136\" data-element_type=\"widget\" data-widget_type=\"heading.default\">\n\t\t\t\t<div class=\"elementor-widget-container\">\n\t\t\t\t\t<div class=\"elementor-heading-title elementor-size-default\">Conhe\u00e7a nossa equipe<\/div>\t\t\t\t<\/div>\n\t\t\t\t<\/div>\n\t\t\t\t<div class=\"elementor-element elementor-element-e2433d1 elementor-widget-divider--view-line elementor-widget elementor-widget-divider\" data-id=\"e2433d1\" data-element_type=\"widget\" data-widget_type=\"divider.default\">\n\t\t\t\t<div class=\"elementor-widget-container\">\n\t\t\t\t\t\t\t<div class=\"elementor-divider\">\n\t\t\t<span class=\"elementor-divider-separator\">\n\t\t\t\t\t\t<\/span>\n\t\t<\/div>\n\t\t\t\t\t\t<\/div>\n\t\t\t\t<\/div>\n\t\t\t\t<div class=\"elementor-element elementor-element-33ec92b elementor-widget elementor-widget-spacer\" data-id=\"33ec92b\" data-element_type=\"widget\" data-widget_type=\"spacer.default\">\n\t\t\t\t<div class=\"elementor-widget-container\">\n\t\t\t\t\t\t\t<div class=\"elementor-spacer\">\n\t\t\t<div class=\"elementor-spacer-inner\"><\/div>\n\t\t<\/div>\n\t\t\t\t\t\t<\/div>\n\t\t\t\t<\/div>\n\t\t\t\t<section class=\"elementor-section elementor-inner-section elementor-element elementor-element-5350230 elementor-section-boxed elementor-section-height-default elementor-section-height-default\" data-id=\"5350230\" data-element_type=\"section\">\n\t\t\t\t\t\t<div class=\"elementor-container elementor-column-gap-default\">\n\t\t\t\t\t<div class=\"elementor-column elementor-col-33 elementor-inner-column elementor-element elementor-element-7849963\" data-id=\"7849963\" data-element_type=\"column\">\n\t\t\t<div class=\"elementor-widget-wrap elementor-element-populated\">\n\t\t\t\t\t\t<div class=\"elementor-element elementor-element-1ecdc86 elementor-widget elementor-widget-image\" data-id=\"1ecdc86\" data-element_type=\"widget\" data-widget_type=\"image.default\">\n\t\t\t\t<div class=\"elementor-widget-container\">\n\t\t\t\t\t\t\t\t\t\t\t\t\t\t\t<img fetchpriority=\"high\" decoding=\"async\" width=\"720\" height=\"1080\" src=\"https:\/\/bowebdesign.com.br\/pavoniadv\/wp-content\/uploads\/2023\/04\/fabiola1.png\" class=\"attachment-full size-full wp-image-11100\" alt=\"\" srcset=\"https:\/\/bowebdesign.com.br\/pavoniadv\/wp-content\/uploads\/2023\/04\/fabiola1.png 720w, https:\/\/bowebdesign.com.br\/pavoniadv\/wp-content\/uploads\/2023\/04\/fabiola1-200x300.png 200w, https:\/\/bowebdesign.com.br\/pavoniadv\/wp-content\/uploads\/2023\/04\/fabiola1-683x1024.png 683w\" sizes=\"(max-width: 720px) 100vw, 720px\" \/>\t\t\t\t\t\t\t\t\t\t\t\t\t\t\t<\/div>\n\t\t\t\t<\/div>\n\t\t\t\t<div class=\"elementor-element elementor-element-14246ce elementor-widget elementor-widget-text-editor\" data-id=\"14246ce\" data-element_type=\"widget\" data-widget_type=\"text-editor.default\">\n\t\t\t\t<div class=\"elementor-widget-container\">\n\t\t\t\t\t\t\t\t\t<h5>FAB\u00cdOLA PAVONI PEDRO<\/h5>\n<p>OAB\/PR 36.768 e OAB\/BA 61.151<\/p>\t\t\t\t\t\t\t\t<\/div>\n\t\t\t\t<\/div>\n\t\t\t\t<div class=\"elementor-element elementor-element-d13e55f elementor-widget elementor-widget-text-editor\" data-id=\"d13e55f\" data-element_type=\"widget\" data-widget_type=\"text-editor.default\">\n\t\t\t\t<div class=\"elementor-widget-container\">\n\t\t\t\t\t\t\t\t\t<p>Gest\u00e3o de Projetos de Energia Renov\u00e1vel, Regulariza\u00e7\u00e3o Fundi\u00e1ria, Contratos<\/p>\t\t\t\t\t\t\t\t<\/div>\n\t\t\t\t<\/div>\n\t\t\t\t\t<\/div>\n\t\t<\/div>\n\t\t\t\t<div class=\"elementor-column elementor-col-33 elementor-inner-column elementor-element elementor-element-6745d42\" data-id=\"6745d42\" data-element_type=\"column\">\n\t\t\t<div class=\"elementor-widget-wrap\">\n\t\t\t\t\t\t\t<\/div>\n\t\t<\/div>\n\t\t\t\t<div class=\"elementor-column elementor-col-33 elementor-inner-column elementor-element elementor-element-46fffa9\" data-id=\"46fffa9\" data-element_type=\"column\">\n\t\t\t<div class=\"elementor-widget-wrap elementor-element-populated\">\n\t\t\t\t\t\t<div class=\"elementor-element elementor-element-148b1a8 elementor-widget elementor-widget-image\" data-id=\"148b1a8\" data-element_type=\"widget\" data-widget_type=\"image.default\">\n\t\t\t\t<div class=\"elementor-widget-container\">\n\t\t\t\t\t\t\t\t\t\t\t\t\t\t\t<img decoding=\"async\" width=\"720\" height=\"1080\" src=\"https:\/\/bowebdesign.com.br\/pavoniadv\/wp-content\/uploads\/2023\/04\/rafael1.png\" class=\"attachment-full size-full wp-image-11099\" alt=\"\" srcset=\"https:\/\/bowebdesign.com.br\/pavoniadv\/wp-content\/uploads\/2023\/04\/rafael1.png 720w, https:\/\/bowebdesign.com.br\/pavoniadv\/wp-content\/uploads\/2023\/04\/rafael1-200x300.png 200w, https:\/\/bowebdesign.com.br\/pavoniadv\/wp-content\/uploads\/2023\/04\/rafael1-683x1024.png 683w\" sizes=\"(max-width: 720px) 100vw, 720px\" \/>\t\t\t\t\t\t\t\t\t\t\t\t\t\t\t<\/div>\n\t\t\t\t<\/div>\n\t\t\t\t<div class=\"elementor-element elementor-element-6376de6 elementor-widget elementor-widget-text-editor\" data-id=\"6376de6\" data-element_type=\"widget\" data-widget_type=\"text-editor.default\">\n\t\t\t\t<div class=\"elementor-widget-container\">\n\t\t\t\t\t\t\t\t\t<h5>RAFAEL LUIZ NICHELE<\/h5><p>OAB\/PR 53.830<\/p>\t\t\t\t\t\t\t\t<\/div>\n\t\t\t\t<\/div>\n\t\t\t\t<div class=\"elementor-element elementor-element-3f5ad7d elementor-widget elementor-widget-text-editor\" data-id=\"3f5ad7d\" data-element_type=\"widget\" data-widget_type=\"text-editor.default\">\n\t\t\t\t<div class=\"elementor-widget-container\">\n\t\t\t\t\t\t\t\t\t<p>Gest\u00e3o de Projetos de Infraestrutura, Contratos<\/p>\t\t\t\t\t\t\t\t<\/div>\n\t\t\t\t<\/div>\n\t\t\t\t\t<\/div>\n\t\t<\/div>\n\t\t\t\t\t<\/div>\n\t\t<\/section>\n\t\t\t\t\t<\/div>\n\t\t<\/div>\n\t\t\t\t\t<\/div>\n\t\t<\/section>\n\t\t\t\t<section class=\"elementor-section elementor-top-section elementor-element elementor-element-35c9825 elementor-section-boxed elementor-section-height-default elementor-section-height-default\" data-id=\"35c9825\" data-element_type=\"section\">\n\t\t\t\t\t\t<div class=\"elementor-container elementor-column-gap-default\">\n\t\t\t\t\t<div class=\"elementor-column elementor-col-33 elementor-top-column elementor-element elementor-element-322b65f\" data-id=\"322b65f\" data-element_type=\"column\">\n\t\t\t<div class=\"elementor-widget-wrap elementor-element-populated\">\n\t\t\t\t\t\t<div class=\"elementor-element elementor-element-dbd573d elementor-widget elementor-widget-image\" data-id=\"dbd573d\" data-element_type=\"widget\" data-widget_type=\"image.default\">\n\t\t\t\t<div class=\"elementor-widget-container\">\n\t\t\t\t\t\t\t\t\t\t\t\t\t\t\t<img decoding=\"async\" width=\"720\" height=\"1080\" src=\"https:\/\/bowebdesign.com.br\/pavoniadv\/wp-content\/uploads\/2023\/04\/paulo1.png\" class=\"attachment-full size-full wp-image-11101\" alt=\"\" srcset=\"https:\/\/bowebdesign.com.br\/pavoniadv\/wp-content\/uploads\/2023\/04\/paulo1.png 720w, https:\/\/bowebdesign.com.br\/pavoniadv\/wp-content\/uploads\/2023\/04\/paulo1-200x300.png 200w, https:\/\/bowebdesign.com.br\/pavoniadv\/wp-content\/uploads\/2023\/04\/paulo1-683x1024.png 683w\" sizes=\"(max-width: 720px) 100vw, 720px\" \/>\t\t\t\t\t\t\t\t\t\t\t\t\t\t\t<\/div>\n\t\t\t\t<\/div>\n\t\t\t\t<div class=\"elementor-element elementor-element-0df335c elementor-widget elementor-widget-text-editor\" data-id=\"0df335c\" data-element_type=\"widget\" data-widget_type=\"text-editor.default\">\n\t\t\t\t<div class=\"elementor-widget-container\">\n\t\t\t\t\t\t\t\t\t<h5>PAULO VINICIUS LEUCH DE PAULA<\/h5><p>OAB\/PR 71.354 e OAB\/BA 48.431<\/p>\t\t\t\t\t\t\t\t<\/div>\n\t\t\t\t<\/div>\n\t\t\t\t<div class=\"elementor-element elementor-element-96ce8e8 elementor-widget elementor-widget-text-editor\" data-id=\"96ce8e8\" data-element_type=\"widget\" data-widget_type=\"text-editor.default\">\n\t\t\t\t<div class=\"elementor-widget-container\">\n\t\t\t\t\t\t\t\t\t<p><span style=\"letter-spacing: 0.3px;\">Regulariza\u00e7\u00e3o Fundi\u00e1ria, Contratos, Contencioso C\u00edvel<\/span><br><\/p>\t\t\t\t\t\t\t\t<\/div>\n\t\t\t\t<\/div>\n\t\t\t\t\t<\/div>\n\t\t<\/div>\n\t\t\t\t<div class=\"elementor-column elementor-col-33 elementor-top-column elementor-element elementor-element-24edc57\" data-id=\"24edc57\" data-element_type=\"column\">\n\t\t\t<div class=\"elementor-widget-wrap elementor-element-populated\">\n\t\t\t\t\t\t<div class=\"elementor-element elementor-element-9f53a16 elementor-widget elementor-widget-image\" data-id=\"9f53a16\" data-element_type=\"widget\" data-widget_type=\"image.default\">\n\t\t\t\t<div class=\"elementor-widget-container\">\n\t\t\t\t\t\t\t\t\t\t\t\t\t\t\t<img loading=\"lazy\" decoding=\"async\" width=\"720\" height=\"1080\" src=\"https:\/\/bowebdesign.com.br\/pavoniadv\/wp-content\/uploads\/2023\/04\/marilia1.png\" class=\"attachment-full size-full wp-image-11106\" alt=\"\" srcset=\"https:\/\/bowebdesign.com.br\/pavoniadv\/wp-content\/uploads\/2023\/04\/marilia1.png 720w, https:\/\/bowebdesign.com.br\/pavoniadv\/wp-content\/uploads\/2023\/04\/marilia1-200x300.png 200w, https:\/\/bowebdesign.com.br\/pavoniadv\/wp-content\/uploads\/2023\/04\/marilia1-683x1024.png 683w\" sizes=\"(max-width: 720px) 100vw, 720px\" \/>\t\t\t\t\t\t\t\t\t\t\t\t\t\t\t<\/div>\n\t\t\t\t<\/div>\n\t\t\t\t<div class=\"elementor-element elementor-element-5c8681c elementor-widget elementor-widget-text-editor\" data-id=\"5c8681c\" data-element_type=\"widget\" data-widget_type=\"text-editor.default\">\n\t\t\t\t<div class=\"elementor-widget-container\">\n\t\t\t\t\t\t\t\t\t<h5>MAR\u00cdLIA SELEME SIMM<\/h5><p><span style=\"font-weight: 400;\">OAB\/PR 85.900<\/span><\/p>\t\t\t\t\t\t\t\t<\/div>\n\t\t\t\t<\/div>\n\t\t\t\t<div class=\"elementor-element elementor-element-536f612 elementor-widget elementor-widget-text-editor\" data-id=\"536f612\" data-element_type=\"widget\" data-widget_type=\"text-editor.default\">\n\t\t\t\t<div class=\"elementor-widget-container\">\n\t\t\t\t\t\t\t\t\t<p>Controladoria Jur\u00eddica, Administrativo\/ Financeiro<\/p>\t\t\t\t\t\t\t\t<\/div>\n\t\t\t\t<\/div>\n\t\t\t\t\t<\/div>\n\t\t<\/div>\n\t\t\t\t<div class=\"elementor-column elementor-col-33 elementor-top-column elementor-element elementor-element-79be86b\" data-id=\"79be86b\" data-element_type=\"column\">\n\t\t\t<div class=\"elementor-widget-wrap elementor-element-populated\">\n\t\t\t\t\t\t<div class=\"elementor-element elementor-element-c634145 elementor-widget elementor-widget-image\" data-id=\"c634145\" data-element_type=\"widget\" data-widget_type=\"image.default\">\n\t\t\t\t<div class=\"elementor-widget-container\">\n\t\t\t\t\t\t\t\t\t\t\t\t\t\t\t<img loading=\"lazy\" decoding=\"async\" width=\"720\" height=\"1080\" src=\"https:\/\/bowebdesign.com.br\/pavoniadv\/wp-content\/uploads\/2023\/04\/larissa1.png\" class=\"attachment-full size-full wp-image-11105\" alt=\"\" srcset=\"https:\/\/bowebdesign.com.br\/pavoniadv\/wp-content\/uploads\/2023\/04\/larissa1.png 720w, https:\/\/bowebdesign.com.br\/pavoniadv\/wp-content\/uploads\/2023\/04\/larissa1-200x300.png 200w, https:\/\/bowebdesign.com.br\/pavoniadv\/wp-content\/uploads\/2023\/04\/larissa1-683x1024.png 683w\" sizes=\"(max-width: 720px) 100vw, 720px\" \/>\t\t\t\t\t\t\t\t\t\t\t\t\t\t\t<\/div>\n\t\t\t\t<\/div>\n\t\t\t\t<div class=\"elementor-element elementor-element-467d37f elementor-widget elementor-widget-text-editor\" data-id=\"467d37f\" data-element_type=\"widget\" data-widget_type=\"text-editor.default\">\n\t\t\t\t<div class=\"elementor-widget-container\">\n\t\t\t\t\t\t\t\t\t<h5>LARISSA NATHANI SANTOS<\/h5><p>OAB\/PR 82.953<\/p>\t\t\t\t\t\t\t\t<\/div>\n\t\t\t\t<\/div>\n\t\t\t\t<div class=\"elementor-element elementor-element-2b952b5 elementor-widget elementor-widget-text-editor\" data-id=\"2b952b5\" data-element_type=\"widget\" data-widget_type=\"text-editor.default\">\n\t\t\t\t<div class=\"elementor-widget-container\">\n\t\t\t\t\t\t\t\t\t<p>Regulariza\u00e7\u00e3o Fundi\u00e1ria, Contratos, Contencioso C\u00edvel<\/p>\t\t\t\t\t\t\t\t<\/div>\n\t\t\t\t<\/div>\n\t\t\t\t\t<\/div>\n\t\t<\/div>\n\t\t\t\t\t<\/div>\n\t\t<\/section>\n\t\t\t\t<section class=\"elementor-section elementor-top-section elementor-element elementor-element-8ff5792 elementor-section-boxed elementor-section-height-default elementor-section-height-default\" data-id=\"8ff5792\" data-element_type=\"section\">\n\t\t\t\t\t\t<div class=\"elementor-container elementor-column-gap-default\">\n\t\t\t\t\t<div class=\"elementor-column elementor-col-100 elementor-top-column elementor-element elementor-element-9fcaa25\" data-id=\"9fcaa25\" data-element_type=\"column\">\n\t\t\t<div class=\"elementor-widget-wrap elementor-element-populated\">\n\t\t\t\t\t\t<div class=\"elementor-element elementor-element-5eb1c73 elementor-widget elementor-widget-image\" data-id=\"5eb1c73\" data-element_type=\"widget\" data-widget_type=\"image.default\">\n\t\t\t\t<div class=\"elementor-widget-container\">\n\t\t\t\t\t\t\t\t\t\t\t\t\t\t\t<img loading=\"lazy\" decoding=\"async\" width=\"1120\" height=\"747\" src=\"https:\/\/bowebdesign.com.br\/pavoniadv\/wp-content\/uploads\/2023\/04\/equipe.png\" class=\"attachment-full size-full wp-image-11086\" alt=\"\" srcset=\"https:\/\/bowebdesign.com.br\/pavoniadv\/wp-content\/uploads\/2023\/04\/equipe.png 1120w, https:\/\/bowebdesign.com.br\/pavoniadv\/wp-content\/uploads\/2023\/04\/equipe-300x200.png 300w, https:\/\/bowebdesign.com.br\/pavoniadv\/wp-content\/uploads\/2023\/04\/equipe-1024x683.png 1024w, https:\/\/bowebdesign.com.br\/pavoniadv\/wp-content\/uploads\/2023\/04\/equipe-768x512.png 768w\" sizes=\"(max-width: 1120px) 100vw, 1120px\" \/>\t\t\t\t\t\t\t\t\t\t\t\t\t\t\t<\/div>\n\t\t\t\t<\/div>\n\t\t\t\t\t<\/div>\n\t\t<\/div>\n\t\t\t\t\t<\/div>\n\t\t<\/section>\n\t\t\t\t<\/div>\n\t\t","protected":false},"excerpt":{"rendered":"<p>Atuamos com uma equipe integrada que nos permite enxergar al\u00e9m das necessidades de nossos clientes para antecipar cen\u00e1rios complexos, tornando neg\u00f3cios poss\u00edveis. Atrav\u00e9s do nosso conhecimento jur\u00eddico, constru\u00edmos uma rela\u00e7\u00e3o pr\u00f3xima e de parceria com os empreendedores, para que eles possam utilizar o Direito de forma estrat\u00e9gica em seu neg\u00f3cio. Nossos advogados comprometem-se pessoalmente com&#8230;<\/p>\n","protected":false},"author":1,"featured_media":11038,"parent":0,"menu_order":0,"comment_status":"closed","ping_status":"closed","template":"","meta":{"_acf_changed":false,"_tbt_post_transparent":"","_tbt_post_title":"default","_tbt_post_layout":"default","_tbt_post_sidebar_id":"","_tbt_post_content_style":"unboxed","_tbt_post_vertical_padding":"default","_tbt_post_feature":"hide","_tbt_post_feature_position":"","_tbt_post_header":false,"_tbt_post_footer":false},"class_list":["post-10400","page","type-page","status-publish","has-post-thumbnail","hentry"],"acf":[],"_links":{"self":[{"href":"https:\/\/bowebdesign.com.br\/pavoniadv\/wp-json\/wp\/v2\/pages\/10400","targetHints":{"allow":["GET"]}}],"collection":[{"href":"https:\/\/bowebdesign.com.br\/pavoniadv\/wp-json\/wp\/v2\/pages"}],"about":[{"href":"https:\/\/bowebdesign.com.br\/pavoniadv\/wp-json\/wp\/v2\/types\/page"}],"author":[{"embeddable":true,"href":"https:\/\/bowebdesign.com.br\/pavoniadv\/wp-json\/wp\/v2\/users\/1"}],"replies":[{"embeddable":true,"href":"https:\/\/bowebdesign.com.br\/pavoniadv\/wp-json\/wp\/v2\/comments?post=10400"}],"version-history":[{"count":112,"href":"https:\/\/bowebdesign.com.br\/pavoniadv\/wp-json\/wp\/v2\/pages\/10400\/revisions"}],"predecessor-version":[{"id":11112,"href":"https:\/\/bowebdesign.com.br\/pavoniadv\/wp-json\/wp\/v2\/pages\/10400\/revisions\/11112"}],"wp:featuredmedia":[{"embeddable":true,"href":"https:\/\/bowebdesign.com.br\/pavoniadv\/wp-json\/wp\/v2\/media\/11038"}],"wp:attachment":[{"href":"https:\/\/bowebdesign.com.br\/pavoniadv\/wp-json\/wp\/v2\/media?parent=10400"}],"curies":[{"name":"wp","href":"https:\/\/api.w.org\/{rel}","templated":true}]}}